{"id":248,"date":"2023-07-11T20:32:17","date_gmt":"2023-07-11T20:32:17","guid":{"rendered":"https:\/\/sarasant.totmedia.net\/?page_id=248"},"modified":"2024-10-03T07:55:54","modified_gmt":"2024-10-03T07:55:54","slug":"sobre-mi","status":"publish","type":"page","link":"https:\/\/fisioterapiasantceloni.com\/es\/sobre-mi\/","title":{"rendered":"Sobre mi"},"content":{"rendered":"<div data-elementor-type=\"wp-post\" data-elementor-id=\"248\" class=\"elementor elementor-248\">\n\t\t\t\t\t\t<section class=\"elementor-section elementor-top-section elementor-element elementor-element-e1a1d0f elementor-section-content-middle elementor-section-height-min-height elementor-section-boxed elementor-section-height-default elementor-section-items-middle\" data-id=\"e1a1d0f\" data-element_type=\"section\" data-e-type=\"section\" data-settings=\"{&quot;background_background&quot;:&quot;classic&quot;}\">\n\t\t\t\t\t\t\t<div class=\"elementor-background-overlay\"><\/div>\n\t\t\t\t\t\t\t<div class=\"elementor-container elementor-column-gap-default\">\n\t\t\t\t\t<div class=\"aux-parallax-section elementor-column elementor-col-50 elementor-top-column elementor-element elementor-element-00f5e3d\" data-id=\"00f5e3d\" data-element_type=\"column\" data-e-type=\"column\">\n\t\t\t<div class=\"elementor-widget-wrap elementor-element-populated\">\n\t\t\t\t\t\t<div class=\"elementor-element elementor-element-5cf96bd aux-appear-watch-animation aux-fade-in-right elementor-widget elementor-widget-aux_image\" data-id=\"5cf96bd\" data-element_type=\"widget\" data-e-type=\"widget\" data-widget_type=\"aux_image.default\">\n\t\t\t\t<div class=\"elementor-widget-container\">\n\t\t\t\t\t<section class=\"widget-container aux-widget-image aux-alignnone aux-parent-au8d14ad5c\">\n    <div class=\"aux-media-hint-frame\">\n        <div class=\"aux-media-image\" >\n        \n            \n\n            \n                        \n                <\/div>\n    <\/div>\n\n<\/section><!-- widget-container -->\t\t\t\t<\/div>\n\t\t\t\t<\/div>\n\t\t\t\t<div class=\"elementor-element elementor-element-4d4ef1b aux-appear-watch-animation aux-fade-in-right-2 elementor-widget elementor-widget-aux_modern_heading\" data-id=\"4d4ef1b\" data-element_type=\"widget\" data-e-type=\"widget\" data-widget_type=\"aux_modern_heading.default\">\n\t\t\t\t<div class=\"elementor-widget-container\">\n\t\t\t\t\t<section class=\"aux-widget-modern-heading\">\n            <div class=\"aux-widget-inner\"><h2 class=\"aux-modern-heading-primary\">SARA SANT <br>\nFISIOTERAPEUTA<br>I OSTE\u00d2PATA\n<\/h2><div class=\"aux-modern-heading-description\">N\u00fam. Col. 11280 <\/div><\/div>\n        <\/section>\t\t\t\t<\/div>\n\t\t\t\t<\/div>\n\t\t\t\t<div class=\"elementor-element elementor-element-cee0d43 aux-appear-watch-animation aux-fade-in elementor-widget elementor-widget-aux_button\" data-id=\"cee0d43\" data-element_type=\"widget\" data-e-type=\"widget\" data-widget_type=\"aux_button.default\">\n\t\t\t\t<div class=\"elementor-widget-container\">\n\t\t\t\t\t<a  href=\"https:\/\/sarasant.totmedia.net\/contact-us\/\" target=\"_self\"   class=\"aux-button aux-medium aux-carmine-pink aux-none aux-uppercase\" ><span class=\"aux-overlay\"><\/span><span class=\"aux-text\">Contactar<\/span><\/a>\t\t\t\t<\/div>\n\t\t\t\t<\/div>\n\t\t\t\t\t<\/div>\n\t\t<\/div>\n\t\t\t\t<div class=\"aux-parallax-section elementor-column elementor-col-50 elementor-top-column elementor-element elementor-element-5780ba3\" data-id=\"5780ba3\" data-element_type=\"column\" data-e-type=\"column\">\n\t\t\t<div class=\"elementor-widget-wrap elementor-element-populated\">\n\t\t\t\t\t\t<div class=\"elementor-element elementor-element-570ba12 elementor-widget elementor-widget-image\" data-id=\"570ba12\" data-element_type=\"widget\" data-e-type=\"widget\" data-widget_type=\"image.default\">\n\t\t\t\t<div class=\"elementor-widget-container\">\n\t\t\t\t\t\t\t\t\t\t\t\t\t\t\t<img fetchpriority=\"high\" decoding=\"async\" width=\"800\" height=\"1024\" src=\"https:\/\/fisioterapiasantceloni.com\/wp-content\/uploads\/2023\/09\/Unknown-800x1024.jpeg\" class=\"attachment-large size-large wp-image-398\" alt=\"\" srcset=\"https:\/\/fisioterapiasantceloni.com\/wp-content\/uploads\/2023\/09\/Unknown-800x1024.jpeg 800w, https:\/\/fisioterapiasantceloni.com\/wp-content\/uploads\/2023\/09\/Unknown-9x12.jpeg 9w\" sizes=\"(max-width: 800px) 100vw, 800px\" \/>\t\t\t\t\t\t\t\t\t\t\t\t\t\t\t<\/div>\n\t\t\t\t<\/div>\n\t\t\t\t<div class=\"elementor-element elementor-element-b2b55c1 aux-appear-watch-animation aux-fade-in-right elementor-widget elementor-widget-aux_image\" data-id=\"b2b55c1\" data-element_type=\"widget\" data-e-type=\"widget\" data-widget_type=\"aux_image.default\">\n\t\t\t\t<div class=\"elementor-widget-container\">\n\t\t\t\t\t<section class=\"widget-container aux-widget-image aux-alignnone aux-parent-au53c7b238\">\n    <div class=\"aux-media-hint-frame\">\n        <div class=\"aux-media-image\" >\n        \n            \n\n            \n                        \n                <\/div>\n    <\/div>\n\n<\/section><!-- widget-container -->\t\t\t\t<\/div>\n\t\t\t\t<\/div>\n\t\t\t\t\t<\/div>\n\t\t<\/div>\n\t\t\t\t\t<\/div>\n\t\t<\/section>\n\t\t\t\t<section class=\"elementor-section elementor-top-section elementor-element elementor-element-f4b0ac4 elementor-section-boxed elementor-section-height-default elementor-section-height-default\" data-id=\"f4b0ac4\" data-element_type=\"section\" data-e-type=\"section\" id=\"Services\">\n\t\t\t\t\t\t<div class=\"elementor-container elementor-column-gap-default\">\n\t\t\t\t\t<div class=\"aux-parallax-section elementor-column elementor-col-50 elementor-top-column elementor-element elementor-element-c552019\" data-id=\"c552019\" data-element_type=\"column\" data-e-type=\"column\">\n\t\t\t<div class=\"elementor-widget-wrap elementor-element-populated\">\n\t\t\t\t\t\t<div class=\"elementor-element elementor-element-adc09ba elementor-widget elementor-widget-aux_image\" data-id=\"adc09ba\" data-element_type=\"widget\" data-e-type=\"widget\" data-widget_type=\"aux_image.default\">\n\t\t\t\t<div class=\"elementor-widget-container\">\n\t\t\t\t\t<section class=\"widget-container aux-widget-image aux-alignnone aux-parent-au6ba44f66\">\n    <div class=\"aux-media-hint-frame\">\n        <div class=\"aux-media-image\" >\n        \n            \n\n            \n            <img decoding=\"async\" width=\"510\" height=\"715\" src=\"https:\/\/fisioterapiasantceloni.com\/wp-content\/uploads\/2023\/07\/Diseno-sin-titulo-12.png\" class=\"aux-attachment aux-featured-image aux-attachment-id-214\" alt=\"Disen\u0303o sin ti\u0301tulo (12)\" data-ratio=\"0.71\" data-original-w=\"510\" \/>            \n                <\/div>\n    <\/div>\n\n<\/section><!-- widget-container -->\t\t\t\t<\/div>\n\t\t\t\t<\/div>\n\t\t\t\t\t<\/div>\n\t\t<\/div>\n\t\t\t\t<div class=\"aux-parallax-section elementor-column elementor-col-50 elementor-top-column elementor-element elementor-element-c71867a\" data-id=\"c71867a\" data-element_type=\"column\" data-e-type=\"column\">\n\t\t\t<div class=\"elementor-widget-wrap elementor-element-populated\">\n\t\t\t\t\t\t<section class=\"elementor-section elementor-inner-section elementor-element elementor-element-9eb6f33 elementor-section-boxed elementor-section-height-default elementor-section-height-default\" data-id=\"9eb6f33\" data-element_type=\"section\" data-e-type=\"section\">\n\t\t\t\t\t\t<div class=\"elementor-container elementor-column-gap-default\">\n\t\t\t\t\t<div class=\"aux-parallax-section elementor-column elementor-col-100 elementor-inner-column elementor-element elementor-element-57806af\" data-id=\"57806af\" data-element_type=\"column\" data-e-type=\"column\">\n\t\t\t<div class=\"elementor-widget-wrap\">\n\t\t\t\t\t\t\t<\/div>\n\t\t<\/div>\n\t\t\t\t\t<\/div>\n\t\t<\/section>\n\t\t\t\t<section class=\"elementor-section elementor-inner-section elementor-element elementor-element-d936f22 elementor-section-boxed elementor-section-height-default elementor-section-height-default\" data-id=\"d936f22\" data-element_type=\"section\" data-e-type=\"section\">\n\t\t\t\t\t\t<div class=\"elementor-container elementor-column-gap-default\">\n\t\t\t\t\t<div class=\"aux-parallax-section elementor-column elementor-col-100 elementor-inner-column elementor-element elementor-element-06fc6da aux-appear-watch-animation aux-fade-in-right-1\" data-id=\"06fc6da\" data-element_type=\"column\" data-e-type=\"column\">\n\t\t\t<div class=\"elementor-widget-wrap elementor-element-populated\">\n\t\t\t\t\t\t<div class=\"elementor-element elementor-element-54c9097 elementor-widget__width-initial elementor-widget elementor-widget-aux_modern_heading\" data-id=\"54c9097\" data-element_type=\"widget\" data-e-type=\"widget\" data-widget_type=\"aux_modern_heading.default\">\n\t\t\t\t<div class=\"elementor-widget-container\">\n\t\t\t\t\t<section class=\"aux-widget-modern-heading\">\n            <div class=\"aux-widget-inner\"><h3 class=\"aux-modern-heading-primary\"><\/h3><div class=\"aux-modern-heading-description\"><p class=\"font_7 wixui-rich-text__text\"><span class=\"wixui-rich-text__text\">Graduada en Fisioter\u00e0pia per la Universitat Ramon LLull (Blanquerna).<\/span><\/p><p class=\"font_7 wixui-rich-text__text\"><span class=\"wixui-rich-text__text\">Especialitzada en Osteopatia i Ter\u00e0pia Manual per l'escola francesa \"Eurothema, C.R.E.D.O.\" Centre de Recherche et l'Ensegnament De l'Osteopathie\"\", on segueixo assistint a seminaris de reciclatge i perfeccionament.<\/span><\/p><p class=\"font_7 wixui-rich-text__text\"><span class=\"wixui-rich-text__text\">\u00c0mplia formaci\u00f3 en Fisioter\u00e0pia i Osteopatia Integrativa\u00a0<\/span><span class=\"wixui-rich-text__text\">Muscular i Esquel\u00e8tica, Visceral, Pedi\u00e0trica i Somatoemocional.<\/span><\/p><p class=\"font_7 wixui-rich-text__text\"><span class=\"wixui-rich-text__text\">Estudis Postgrau en Uroginecologia i Obstetr\u00edcia.<\/span><\/p><p class=\"font_7 wixui-rich-text__text\"><span class=\"wixui-rich-text__text\">M\u00e9s<\/span><span class=\"wixui-rich-text__text\">\u00a0de 15 anys d'experi\u00e8ncia i diverses especialitzacions en l'\u00e0mbit de la Rehabilitaci\u00f3, Reeducaci\u00f3 Postural, Readaptaci\u00f3\u00a0<\/span><span class=\"wixui-rich-text__text\">esportiva,<\/span><span class=\"wixui-rich-text__text\">\u00a0Pilates, Gimn\u00e0stica correctiva i T\u00e8cnica de Base per l'alt rendiment esportiu i art\u00edstic, entre\u00a0<\/span><span class=\"wixui-rich-text__text\">d'altres.<\/span><\/p><p class=\"font_7 wixui-rich-text__text\"><span class=\"wixui-rich-text__text\"><span class=\"wixGuard wixui-rich-text__text\">\u200b<\/span><\/span><\/p><p class=\"font_7 wixui-rich-text__text\"><span class=\"wixui-rich-text__text\">Dedicada plenament a millorar la qualitat de vida de les persones.<\/span><\/p><\/div><\/div>\n        <\/section>\t\t\t\t<\/div>\n\t\t\t\t<\/div>\n\t\t\t\t<div class=\"elementor-element elementor-element-4c08b23 aux-appear-watch-animation aux-fade-in elementor-widget elementor-widget-aux_button\" data-id=\"4c08b23\" data-element_type=\"widget\" data-e-type=\"widget\" data-widget_type=\"aux_button.default\">\n\t\t\t\t<div class=\"elementor-widget-container\">\n\t\t\t\t\t<a  href=\"\/es\/contact-us\/\" target=\"_self\"   class=\"aux-button aux-medium aux-carmine-pink aux-none aux-uppercase\" ><span class=\"aux-overlay\"><\/span><span class=\"aux-text\">M\u00c1S INFORMACI\u00d3N<\/span><\/a>\t\t\t\t<\/div>\n\t\t\t\t<\/div>\n\t\t\t\t\t<\/div>\n\t\t<\/div>\n\t\t\t\t\t<\/div>\n\t\t<\/section>\n\t\t\t\t\t<\/div>\n\t\t<\/div>\n\t\t\t\t\t<\/div>\n\t\t<\/section>\n\t\t\t\t<section class=\"elementor-section elementor-top-section elementor-element elementor-element-58d74bb elementor-reverse-mobile elementor-section-boxed elementor-section-height-default elementor-section-height-default\" data-id=\"58d74bb\" data-element_type=\"section\" data-e-type=\"section\">\n\t\t\t\t\t\t<div class=\"elementor-container elementor-column-gap-default\">\n\t\t\t\t\t<div class=\"aux-parallax-section elementor-column elementor-col-50 elementor-top-column elementor-element elementor-element-a70b35c\" data-id=\"a70b35c\" data-element_type=\"column\" data-e-type=\"column\">\n\t\t\t<div class=\"elementor-widget-wrap elementor-element-populated\">\n\t\t\t\t\t\t<section class=\"elementor-section elementor-inner-section elementor-element elementor-element-47831fb elementor-section-boxed elementor-section-height-default elementor-section-height-default\" data-id=\"47831fb\" data-element_type=\"section\" data-e-type=\"section\">\n\t\t\t\t\t\t<div class=\"elementor-container elementor-column-gap-default\">\n\t\t\t\t\t<div class=\"aux-parallax-section elementor-column elementor-col-50 elementor-inner-column elementor-element elementor-element-de4e100 aux-appear-watch-animation aux-fade-in-left\" data-id=\"de4e100\" data-element_type=\"column\" data-e-type=\"column\">\n\t\t\t<div class=\"elementor-widget-wrap elementor-element-populated\">\n\t\t\t\t\t\t<div class=\"elementor-element elementor-element-7e55bfc elementor-widget elementor-widget-aux_modern_heading\" data-id=\"7e55bfc\" data-element_type=\"widget\" data-e-type=\"widget\" data-widget_type=\"aux_modern_heading.default\">\n\t\t\t\t<div class=\"elementor-widget-container\">\n\t\t\t\t\t<section class=\"aux-widget-modern-heading\">\n            <div class=\"aux-widget-inner\"><h2 class=\"aux-modern-heading-primary\">FILOSOF\u00cdA<\/h2><div class=\"aux-modern-heading-description\"><p>Tratamos seres humanos, no enfermedades. Nuestra ocupaci\u00f3n son las personas con su afecci\u00f3n, donde todos los sistemas corporales se interrelacionan entre s\u00ed a distintos niveles (f\u00edsico, bioqu\u00edmico y emocional). Por eso nuestros tratamientos son individualizados y espec\u00edficos.<\/p><\/div><\/div>\n        <\/section>\t\t\t\t<\/div>\n\t\t\t\t<\/div>\n\t\t\t\t\t<\/div>\n\t\t<\/div>\n\t\t\t\t<div class=\"aux-parallax-section elementor-column elementor-col-50 elementor-inner-column elementor-element elementor-element-182970c\" data-id=\"182970c\" data-element_type=\"column\" data-e-type=\"column\">\n\t\t\t<div class=\"elementor-widget-wrap\">\n\t\t\t\t\t\t\t<\/div>\n\t\t<\/div>\n\t\t\t\t\t<\/div>\n\t\t<\/section>\n\t\t\t\t\t<\/div>\n\t\t<\/div>\n\t\t\t\t<div class=\"aux-parallax-section elementor-column elementor-col-50 elementor-top-column elementor-element elementor-element-16a4c61\" data-id=\"16a4c61\" data-element_type=\"column\" data-e-type=\"column\">\n\t\t\t<div class=\"elementor-widget-wrap elementor-element-populated\">\n\t\t\t\t\t\t<div class=\"elementor-element elementor-element-869d595 elementor-widget elementor-widget-aux_modern_heading\" data-id=\"869d595\" data-element_type=\"widget\" data-e-type=\"widget\" data-widget_type=\"aux_modern_heading.default\">\n\t\t\t\t<div class=\"elementor-widget-container\">\n\t\t\t\t\t<section class=\"aux-widget-modern-heading\">\n            <div class=\"aux-widget-inner\"><h2 class=\"aux-modern-heading-primary\">VISI\u00d3 INTEGRADORA<\/h2><div class=\"aux-modern-heading-description\">Procuramos un acompa\u00f1amiento y asesoramiento de salud integral. Aconsejando en cuanto a estilo de vida, nutrici\u00f3n, pautas de estiramiento, readaptaci\u00f3n deportiva y funcional, as\u00ed como derivaci\u00f3n a otros profesionales sanitarios.<\/div><\/div>\n        <\/section>\t\t\t\t<\/div>\n\t\t\t\t<\/div>\n\t\t\t\t<div class=\"elementor-element elementor-element-53939a1 aux-appear-watch-animation aux-fade-in elementor-widget elementor-widget-aux_button\" data-id=\"53939a1\" data-element_type=\"widget\" data-e-type=\"widget\" data-widget_type=\"aux_button.default\">\n\t\t\t\t<div class=\"elementor-widget-container\">\n\t\t\t\t\t<a  href=\"https:\/\/sarasant.totmedia.net\/about\/\" target=\"_self\"   class=\"aux-button aux-medium aux-carmine-pink aux-none aux-uppercase\" ><span class=\"aux-overlay\"><\/span><span class=\"aux-text\">M\u00c1S INFORMACI\u00d3N<\/span><\/a>\t\t\t\t<\/div>\n\t\t\t\t<\/div>\n\t\t\t\t\t<\/div>\n\t\t<\/div>\n\t\t\t\t\t<\/div>\n\t\t<\/section>\n\t\t\t\t<section class=\"elementor-section elementor-top-section elementor-element elementor-element-b98bc69 elementor-section-boxed elementor-section-height-default elementor-section-height-default\" data-id=\"b98bc69\" data-element_type=\"section\" data-e-type=\"section\">\n\t\t\t\t\t\t<div class=\"elementor-container elementor-column-gap-default\">\n\t\t\t\t\t<div class=\"aux-parallax-section elementor-column elementor-col-100 elementor-top-column elementor-element elementor-element-532c001\" data-id=\"532c001\" data-element_type=\"column\" data-e-type=\"column\">\n\t\t\t<div class=\"elementor-widget-wrap\">\n\t\t\t\t\t\t\t<\/div>\n\t\t<\/div>\n\t\t\t\t\t<\/div>\n\t\t<\/section>\n\t\t\t\t<section class=\"elementor-section elementor-top-section elementor-element elementor-element-e26a488 elementor-reverse-mobile elementor-section-boxed elementor-section-height-default elementor-section-height-default\" data-id=\"e26a488\" data-element_type=\"section\" data-e-type=\"section\">\n\t\t\t\t\t\t<div class=\"elementor-container elementor-column-gap-default\">\n\t\t\t\t\t<div class=\"aux-parallax-section elementor-column elementor-col-50 elementor-top-column elementor-element elementor-element-5d0cfc4\" data-id=\"5d0cfc4\" data-element_type=\"column\" data-e-type=\"column\">\n\t\t\t<div class=\"elementor-widget-wrap elementor-element-populated\">\n\t\t\t\t\t\t<section class=\"elementor-section elementor-inner-section elementor-element elementor-element-870a127 elementor-section-boxed elementor-section-height-default elementor-section-height-default\" data-id=\"870a127\" data-element_type=\"section\" data-e-type=\"section\">\n\t\t\t\t\t\t<div class=\"elementor-container elementor-column-gap-default\">\n\t\t\t\t\t<div class=\"aux-parallax-section elementor-column elementor-col-100 elementor-inner-column elementor-element elementor-element-99c0368\" data-id=\"99c0368\" data-element_type=\"column\" data-e-type=\"column\">\n\t\t\t<div class=\"elementor-widget-wrap\">\n\t\t\t\t\t\t\t<\/div>\n\t\t<\/div>\n\t\t\t\t\t<\/div>\n\t\t<\/section>\n\t\t\t\t<section class=\"elementor-section elementor-inner-section elementor-element elementor-element-94812ec elementor-section-boxed elementor-section-height-default elementor-section-height-default\" data-id=\"94812ec\" data-element_type=\"section\" data-e-type=\"section\">\n\t\t\t\t\t\t<div class=\"elementor-container elementor-column-gap-default\">\n\t\t\t\t\t<div class=\"aux-parallax-section elementor-column elementor-col-50 elementor-inner-column elementor-element elementor-element-5fcd414 aux-appear-watch-animation aux-fade-in-left\" data-id=\"5fcd414\" data-element_type=\"column\" data-e-type=\"column\">\n\t\t\t<div class=\"elementor-widget-wrap elementor-element-populated\">\n\t\t\t\t\t\t<div class=\"elementor-element elementor-element-d4009c3 elementor-widget elementor-widget-aux_modern_heading\" data-id=\"d4009c3\" data-element_type=\"widget\" data-e-type=\"widget\" data-widget_type=\"aux_modern_heading.default\">\n\t\t\t\t<div class=\"elementor-widget-container\">\n\t\t\t\t\t<section class=\"aux-widget-modern-heading\">\n            <div class=\"aux-widget-inner\"><h2 class=\"aux-modern-heading-primary\">\u00bfQU\u00c9 T\u00c9CNICAS UTILIZAMOS?<\/h2><div class=\"aux-modern-heading-description\">100% Terapia manual: un amplio compendio de t\u00e9cnicas realizadas con las manos a partir de un conocimiento exhaustivo de la anatom\u00eda y fisiolog\u00eda, una sensibilidad entrenada que nos permite detectar las causas de la lesi\u00f3n y llegar a las diferentes estructuras implicadas (musculares, ligamentosas, tendinosas, viscerales, neurales...) Mediante una actuaci\u00f3n precisa y concreta que puede englobar desde un estiramiento muscular y\/o de fascia, una correcci\u00f3n vertebral, a una alineaci\u00f3n articular, o manipulaci\u00f3n descontracturante.<\/div><\/div>\n        <\/section>\t\t\t\t<\/div>\n\t\t\t\t<\/div>\n\t\t\t\t<div class=\"elementor-element elementor-element-e7d46ad aux-appear-watch-animation aux-fade-in elementor-widget elementor-widget-aux_button\" data-id=\"e7d46ad\" data-element_type=\"widget\" data-e-type=\"widget\" data-widget_type=\"aux_button.default\">\n\t\t\t\t<div class=\"elementor-widget-container\">\n\t\t\t\t\t<a  href=\"https:\/\/sarasant.totmedia.net\/about\/\" target=\"_self\"   class=\"aux-button aux-medium aux-carmine-pink aux-none aux-uppercase\" ><span class=\"aux-overlay\"><\/span><span class=\"aux-text\">M\u00c1S INFORMACI\u00d3N<\/span><\/a>\t\t\t\t<\/div>\n\t\t\t\t<\/div>\n\t\t\t\t\t<\/div>\n\t\t<\/div>\n\t\t\t\t<div class=\"aux-parallax-section elementor-column elementor-col-50 elementor-inner-column elementor-element elementor-element-9e948b5\" data-id=\"9e948b5\" data-element_type=\"column\" data-e-type=\"column\">\n\t\t\t<div class=\"elementor-widget-wrap\">\n\t\t\t\t\t\t\t<\/div>\n\t\t<\/div>\n\t\t\t\t\t<\/div>\n\t\t<\/section>\n\t\t\t\t\t<\/div>\n\t\t<\/div>\n\t\t\t\t<div class=\"aux-parallax-section elementor-column elementor-col-50 elementor-top-column elementor-element elementor-element-31febe8\" data-id=\"31febe8\" data-element_type=\"column\" data-e-type=\"column\">\n\t\t\t<div class=\"elementor-widget-wrap elementor-element-populated\">\n\t\t\t\t\t\t<div class=\"elementor-element elementor-element-a66394d elementor-widget elementor-widget-aux_image\" data-id=\"a66394d\" data-element_type=\"widget\" data-e-type=\"widget\" data-widget_type=\"aux_image.default\">\n\t\t\t\t<div class=\"elementor-widget-container\">\n\t\t\t\t\t<section class=\"widget-container aux-widget-image aux-alignnone aux-parent-au13bc4218\">\n    <div class=\"aux-media-hint-frame\">\n        <div class=\"aux-media-image\" >\n        \n            \n\n            \n            <img decoding=\"async\" width=\"1024\" height=\"1024\" src=\"https:\/\/fisioterapiasantceloni.com\/wp-content\/uploads\/2023\/07\/Diseno-sin-titulo-12-1-1024x1024.png\" class=\"aux-attachment aux-featured-image aux-attachment-id-215\" alt=\"Disen\u0303o sin ti\u0301tulo (12)\" srcset=\"https:\/\/fisioterapiasantceloni.com\/wp-content\/uploads\/2023\/07\/Diseno-sin-titulo-12-1-150x150.png 150w,https:\/\/fisioterapiasantceloni.com\/wp-content\/uploads\/2023\/07\/Diseno-sin-titulo-12-1-300x300.png 300w,https:\/\/fisioterapiasantceloni.com\/wp-content\/uploads\/2023\/07\/Diseno-sin-titulo-12-1-768x768.png 768w,https:\/\/fisioterapiasantceloni.com\/wp-content\/uploads\/2023\/07\/Diseno-sin-titulo-12-1-1024x1024.png 1024w\" data-ratio=\"1\" data-original-w=\"1024\" sizes=\"(max-width:479px) 480px,(max-width:767px) 768px,(max-width:1023px) 1024px,1024px\" \/>            \n                <\/div>\n    <\/div>\n\n<\/section><!-- widget-container -->\t\t\t\t<\/div>\n\t\t\t\t<\/div>\n\t\t\t\t\t<\/div>\n\t\t<\/div>\n\t\t\t\t\t<\/div>\n\t\t<\/section>\n\t\t\t\t<section class=\"elementor-section elementor-top-section elementor-element elementor-element-f6d11e9 elementor-section-boxed elementor-section-height-default elementor-section-height-default\" data-id=\"f6d11e9\" data-element_type=\"section\" data-e-type=\"section\">\n\t\t\t\t\t\t<div class=\"elementor-container elementor-column-gap-default\">\n\t\t\t\t\t<div class=\"aux-parallax-section elementor-column elementor-col-100 elementor-top-column elementor-element elementor-element-b50a57e\" data-id=\"b50a57e\" data-element_type=\"column\" data-e-type=\"column\">\n\t\t\t<div class=\"elementor-widget-wrap elementor-element-populated\">\n\t\t\t\t\t\t<div class=\"elementor-element elementor-element-428ce20 aux-appear-watch-animation aux-fade-in-up elementor-widget elementor-widget-aux_modern_heading\" data-id=\"428ce20\" data-element_type=\"widget\" data-e-type=\"widget\" data-widget_type=\"aux_modern_heading.default\">\n\t\t\t\t<div class=\"elementor-widget-container\">\n\t\t\t\t\t<section class=\"aux-widget-modern-heading\">\n            <div class=\"aux-widget-inner\"><h2 class=\"aux-modern-heading-primary\"><\/h2><div class=\"aux-modern-heading-description\"><p>SOM PROFESSIONALS QUALIFICATS AMB UNA VISI\u00d3 INTEGRADORA I UN TRACTE HUM\u00c0<\/p><\/div><\/div>\n        <\/section>\t\t\t\t<\/div>\n\t\t\t\t<\/div>\n\t\t\t\t\t<\/div>\n\t\t<\/div>\n\t\t\t\t\t<\/div>\n\t\t<\/section>\n\t\t\t\t<\/div>","protected":false},"excerpt":{"rendered":"<p>SARA SANT FISIOTERAPEUTAI OSTE\u00d2PATA N\u00fam. Col. 11280 Contactar Graduada en Fisioter\u00e0pia per la Universitat Ramon LLull (Blanquerna). Especialitzada en Osteopatia i Ter\u00e0pia Manual per l&#8217;escola francesa &#8220;Eurothema, C.R.E.D.O.&#8221; Centre de Recherche et l&#8217;Ensegnament De l&#8217;Osteopathie&#8221;&#8221;, on segueixo assistint a seminaris de reciclatge i perfeccionament. \u00c0mplia formaci\u00f3 en Fisioter\u00e0pia i Osteopatia Integrativa\u00a0Muscular i Esquel\u00e8tica, Visceral, Pedi\u00e0trica [&hellip;]<\/p>\n","protected":false},"author":1,"featured_media":0,"parent":0,"menu_order":0,"comment_status":"closed","ping_status":"closed","template":"","meta":{"_joinchat":[],"footnotes":""},"class_list":["post-248","page","type-page","status-publish","hentry"],"_links":{"self":[{"href":"https:\/\/fisioterapiasantceloni.com\/es\/wp-json\/wp\/v2\/pages\/248","targetHints":{"allow":["GET"]}}],"collection":[{"href":"https:\/\/fisioterapiasantceloni.com\/es\/wp-json\/wp\/v2\/pages"}],"about":[{"href":"https:\/\/fisioterapiasantceloni.com\/es\/wp-json\/wp\/v2\/types\/page"}],"author":[{"embeddable":true,"href":"https:\/\/fisioterapiasantceloni.com\/es\/wp-json\/wp\/v2\/users\/1"}],"replies":[{"embeddable":true,"href":"https:\/\/fisioterapiasantceloni.com\/es\/wp-json\/wp\/v2\/comments?post=248"}],"version-history":[{"count":46,"href":"https:\/\/fisioterapiasantceloni.com\/es\/wp-json\/wp\/v2\/pages\/248\/revisions"}],"predecessor-version":[{"id":483,"href":"https:\/\/fisioterapiasantceloni.com\/es\/wp-json\/wp\/v2\/pages\/248\/revisions\/483"}],"wp:attachment":[{"href":"https:\/\/fisioterapiasantceloni.com\/es\/wp-json\/wp\/v2\/media?parent=248"}],"curies":[{"name":"wp","href":"https:\/\/api.w.org\/{rel}","templated":true}]}}